{"id":7,"date":"2026-03-15T12:09:09","date_gmt":"2026-03-15T12:09:09","guid":{"rendered":"https:\/\/gravityrace.info\/?page_id=7"},"modified":"2026-04-02T12:49:01","modified_gmt":"2026-04-02T12:49:01","slug":"home","status":"publish","type":"page","link":"https:\/\/gravityrace.info\/","title":{"rendered":"home"},"content":{"rendered":"\t\t<div data-elementor-type=\"wp-page\" data-elementor-id=\"7\" class=\"elementor elementor-7\">\n\t\t\t\t<div class=\"elementor-element elementor-element-99ef8de e-flex e-con-boxed e-con e-parent\" data-id=\"99ef8de\" data-element_type=\"container\" data-e-type=\"container\">\n\t\t\t\t\t<div class=\"e-con-inner\">\n\t\t\t\t<div class=\"elementor-element elementor-element-ad18ad0 elementor-widget__width-initial elementor-absolute elementor-widget elementor-widget-image\" data-id=\"ad18ad0\" data-element_type=\"widget\" data-e-type=\"widget\" data-settings=\"{&quot;_position&quot;:&quot;absolute&quot;}\" data-widget_type=\"image.default\">\n\t\t\t\t\t\t\t\t\t\t\t\t\t\t\t<img fetchpriority=\"high\" decoding=\"async\" width=\"800\" height=\"341\" src=\"https:\/\/gravityrace.info\/wp-content\/uploads\/2026\/03\/CUSPAJZ-logo-vertikalni-1-1024x437.png\" class=\"attachment-large size-large wp-image-132\" alt=\"\" srcset=\"https:\/\/gravityrace.info\/wp-content\/uploads\/2026\/03\/CUSPAJZ-logo-vertikalni-1-1024x437.png 1024w, https:\/\/gravityrace.info\/wp-content\/uploads\/2026\/03\/CUSPAJZ-logo-vertikalni-1-300x128.png 300w, https:\/\/gravityrace.info\/wp-content\/uploads\/2026\/03\/CUSPAJZ-logo-vertikalni-1-768x328.png 768w, https:\/\/gravityrace.info\/wp-content\/uploads\/2026\/03\/CUSPAJZ-logo-vertikalni-1-1536x656.png 1536w, https:\/\/gravityrace.info\/wp-content\/uploads\/2026\/03\/CUSPAJZ-logo-vertikalni-1.png 1548w\" sizes=\"(max-width: 800px) 100vw, 800px\" \/>\t\t\t\t\t\t\t\t\t\t\t\t\t\t\t<\/div>\n\t\t\t\t\t<\/div>\n\t\t\t\t<\/div>\n\t\t<div class=\"elementor-element elementor-element-7bd28f5 e-con-full e-flex e-con e-parent\" data-id=\"7bd28f5\" data-element_type=\"container\" data-e-type=\"container\">\n\t\t\t\t<div class=\"elementor-element elementor-element-3c8e4fe elementor-widget__width-inherit elementor-widget elementor-widget-image\" data-id=\"3c8e4fe\" data-element_type=\"widget\" data-e-type=\"widget\" data-widget_type=\"image.default\">\n\t\t\t\t\t\t\t\t\t\t\t\t\t\t\t<img decoding=\"async\" width=\"2560\" height=\"1460\" src=\"https:\/\/gravityrace.info\/wp-content\/uploads\/2026\/03\/najav-png-1-scaled-e1773576802369.png\" class=\"attachment-full size-full wp-image-28\" alt=\"\" srcset=\"https:\/\/gravityrace.info\/wp-content\/uploads\/2026\/03\/najav-png-1-scaled-e1773576802369.png 2560w, https:\/\/gravityrace.info\/wp-content\/uploads\/2026\/03\/najav-png-1-scaled-e1773576802369-300x171.png 300w, https:\/\/gravityrace.info\/wp-content\/uploads\/2026\/03\/najav-png-1-scaled-e1773576802369-1024x584.png 1024w, https:\/\/gravityrace.info\/wp-content\/uploads\/2026\/03\/najav-png-1-scaled-e1773576802369-768x438.png 768w, https:\/\/gravityrace.info\/wp-content\/uploads\/2026\/03\/najav-png-1-scaled-e1773576802369-1536x876.png 1536w, https:\/\/gravityrace.info\/wp-content\/uploads\/2026\/03\/najav-png-1-scaled-e1773576802369-2048x1168.png 2048w\" sizes=\"(max-width: 2560px) 100vw, 2560px\" \/>\t\t\t\t\t\t\t\t\t\t\t\t\t\t\t<\/div>\n\t\t\t\t<\/div>\n\t\t<div class=\"elementor-element elementor-element-d5c4b4c e-flex e-con-boxed e-con e-parent\" data-id=\"d5c4b4c\" data-element_type=\"container\" data-e-type=\"container\">\n\t\t\t\t\t<div class=\"e-con-inner\">\n\t\t\t\t<div class=\"elementor-element elementor-element-ccc5f14 elementor-absolute elementor-widget elementor-widget-image\" data-id=\"ccc5f14\" data-element_type=\"widget\" data-e-type=\"widget\" data-settings=\"{&quot;_position&quot;:&quot;absolute&quot;}\" data-widget_type=\"image.default\">\n\t\t\t\t\t\t\t\t\t\t\t\t\t\t\t<img decoding=\"async\" width=\"800\" height=\"29\" src=\"https:\/\/gravityrace.info\/wp-content\/uploads\/2026\/03\/napravi-vozilo-1-1024x37.png\" class=\"attachment-large size-large wp-image-47\" alt=\"\" srcset=\"https:\/\/gravityrace.info\/wp-content\/uploads\/2026\/03\/napravi-vozilo-1-1024x37.png 1024w, https:\/\/gravityrace.info\/wp-content\/uploads\/2026\/03\/napravi-vozilo-1-300x11.png 300w, https:\/\/gravityrace.info\/wp-content\/uploads\/2026\/03\/napravi-vozilo-1-768x28.png 768w, https:\/\/gravityrace.info\/wp-content\/uploads\/2026\/03\/napravi-vozilo-1-1536x55.png 1536w, https:\/\/gravityrace.info\/wp-content\/uploads\/2026\/03\/napravi-vozilo-1-2048x74.png 2048w\" sizes=\"(max-width: 800px) 100vw, 800px\" \/>\t\t\t\t\t\t\t\t\t\t\t\t\t\t\t<\/div>\n\t\t\t\t\t<\/div>\n\t\t\t\t<\/div>\n\t\t<div class=\"elementor-element elementor-element-5abebdb e-flex e-con-boxed e-con e-parent\" data-id=\"5abebdb\" data-element_type=\"container\" data-e-type=\"container\">\n\t\t\t\t\t<div class=\"e-con-inner\">\n\t\t<div class=\"elementor-element elementor-element-19d94e7 e-con-full e-flex e-con e-child\" data-id=\"19d94e7\" data-element_type=\"container\" data-e-type=\"container\">\n\t\t\t\t<div class=\"elementor-element elementor-element-65953da elementor-widget__width-initial elementor-widget elementor-widget-video\" data-id=\"65953da\" data-element_type=\"widget\" data-e-type=\"widget\" data-settings=\"{&quot;video_type&quot;:&quot;hosted&quot;,&quot;mute&quot;:&quot;yes&quot;,&quot;show_image_overlay&quot;:&quot;yes&quot;,&quot;image_overlay&quot;:{&quot;url&quot;:&quot;https:\\\/\\\/gravityrace.info\\\/wp-content\\\/uploads\\\/2026\\\/03\\\/Screenshot_1.jpg&quot;,&quot;id&quot;:77,&quot;size&quot;:&quot;&quot;,&quot;alt&quot;:&quot;&quot;,&quot;source&quot;:&quot;library&quot;},&quot;controls&quot;:&quot;yes&quot;}\" data-widget_type=\"video.default\">\n\t\t\t\t\t\t\t<div class=\"e-hosted-video elementor-wrapper elementor-open-inline\">\n\t\t\t\t\t<video class=\"elementor-video\" src=\"https:\/\/gravityrace.info\/wp-content\/uploads\/2026\/03\/Gravity-video-Iva.mp4\" controls=\"\" preload=\"metadata\" muted=\"muted\" controlsList=\"nodownload\"><\/video>\n\t\t\t\t\t\t<div class=\"elementor-custom-embed-image-overlay\" style=\"background-image: url(https:\/\/gravityrace.info\/wp-content\/uploads\/2026\/03\/Screenshot_1.jpg);\">\n\t\t\t\t\t\t\t\t\t\t\t\t\t\t\t\t<div class=\"elementor-custom-embed-play\" role=\"button\" aria-label=\"Play Video\" tabindex=\"0\">\n\t\t\t\t\t\t\t<svg aria-hidden=\"true\" class=\"e-font-icon-svg e-eicon-play\" viewBox=\"0 0 1000 1000\" xmlns=\"http:\/\/www.w3.org\/2000\/svg\"><path d=\"M838 162C746 71 633 25 500 25 371 25 258 71 163 162 71 254 25 367 25 500 25 633 71 746 163 837 254 929 367 979 500 979 633 979 746 933 838 837 929 746 975 633 975 500 975 367 929 254 838 162M808 192C892 279 933 379 933 500 933 621 892 725 808 808 725 892 621 938 500 938 379 938 279 896 196 808 113 725 67 621 67 500 67 379 108 279 196 192 279 108 383 62 500 62 621 62 721 108 808 192M438 392V642L642 517 438 392Z\"><\/path><\/svg>\t\t\t\t\t\t<\/div>\n\t\t\t\t\t\t\t\t\t<\/div>\n\t\t\t\t\t<\/div>\n\t\t\t\t\t\t<\/div>\n\t\t\t\t<\/div>\n\t\t<div class=\"elementor-element elementor-element-0961abc e-con-full e-flex e-con e-child\" data-id=\"0961abc\" data-element_type=\"container\" data-e-type=\"container\">\n\t\t\t\t<div class=\"elementor-element elementor-element-e831c66 elementor-widget__width-initial elementor-widget elementor-widget-text-editor\" data-id=\"e831c66\" data-element_type=\"widget\" data-e-type=\"widget\" data-widget_type=\"text-editor.default\">\n\t\t\t\t\t\t\t\t\t<p><span style=\"color: oklch(0.2642 0.013 93.9); font-family: pplxSerif, pplxSerif, ui-serif, Georgia, Cambria, Hiragino Mincho ProN, Yu Mincho, Songti SC, SimSun, Songti TC, PMingLiU, Songti TC, MingLiU_HKSCS, Songti TC, PMingLiU, AppleMyungjo, Batang, serif;\">Gravity race Senj je ma\u0161karana utrka vozilima ku\u0107ne izrade koja spaja kreativnost, brzinu i zabavu. Sudionici sami izra\u0111uju svoja vozila bez motora, koriste\u0107i ma\u0161tu, alat i ono \u0161to prona\u0111u u gara\u017ei ili radionici.\u00a0<\/span><\/p><p><span style=\"color: oklch(0.2642 0.013 93.9); font-family: pplxSerif, pplxSerif, ui-serif, Georgia, Cambria, Hiragino Mincho ProN, Yu Mincho, Songti SC, SimSun, Songti TC, PMingLiU, Songti TC, MingLiU_HKSCS, Songti TC, PMingLiU, AppleMyungjo, Batang, serif;\">Staza duga oko 250 metara za\u010dinjena je mini skakaonama, car wash zonom, \u0161ikanama i drugim kreativnim preprekama koje svaku vo\u017enju \u010dine izazovnom i urnebesnom zabavnom.<\/span><\/p><p><span style=\"color: oklch(0.2642 0.013 93.9); font-family: pplxSerif, pplxSerif, ui-serif, Georgia, Cambria, 'Hiragino Mincho ProN', 'Yu Mincho', 'Songti SC', SimSun, 'Songti TC', PMingLiU, 'Songti TC', MingLiU_HKSCS, 'Songti TC', PMingLiU, AppleMyungjo, Batang, serif;\">Na startu svaki tim ima oko 30 sekundi za kratki performans kojim predstavlja svoj tim i ideju ma\u0161kare \u2013 od ske\u010da i plesne to\u010dke do potpuno improviziranog showa.\u00a0<\/span><\/p><p><span style=\"color: oklch(0.2642 0.013 93.9); font-family: pplxSerif, pplxSerif, ui-serif, Georgia, Cambria, 'Hiragino Mincho ProN', 'Yu Mincho', 'Songti SC', SimSun, 'Songti TC', PMingLiU, 'Songti TC', MingLiU_HKSCS, 'Songti TC', PMingLiU, AppleMyungjo, Batang, serif;\">Gravity race je zabavno-natjecateljski event prepun smijeha, zabave, dobrog ritma i natjecateljskog duha i kao takav svojevrsna uvertira u poznati senjski ljetni karneval.\u00a0<\/span><\/p><p><span style=\"color: oklch(0.2642 0.013 93.9); font-family: pplxSerif, pplxSerif, ui-serif, Georgia, Cambria, 'Hiragino Mincho ProN', 'Yu Mincho', 'Songti SC', SimSun, 'Songti TC', PMingLiU, 'Songti TC', MingLiU_HKSCS, 'Songti TC', PMingLiU, AppleMyungjo, Batang, serif;\">Okupi tim, napravi svoje Gravity vozilo i prijavi se!<\/span><\/p><div>\u00a0<\/div>\t\t\t\t\t\t\t\t<\/div>\n\t\t\t\t<\/div>\n\t\t<div class=\"elementor-element elementor-element-545a427 e-con-full e-flex e-con e-child\" data-id=\"545a427\" data-element_type=\"container\" data-e-type=\"container\">\n\t\t\t\t<div class=\"elementor-element elementor-element-88a480a elementor-widget elementor-widget-video\" data-id=\"88a480a\" data-element_type=\"widget\" data-e-type=\"widget\" data-settings=\"{&quot;video_type&quot;:&quot;hosted&quot;,&quot;mute&quot;:&quot;yes&quot;,&quot;show_image_overlay&quot;:&quot;yes&quot;,&quot;image_overlay&quot;:{&quot;url&quot;:&quot;https:\\\/\\\/gravityrace.info\\\/wp-content\\\/uploads\\\/2026\\\/03\\\/Screenshot_3.jpg&quot;,&quot;id&quot;:81,&quot;size&quot;:&quot;&quot;,&quot;alt&quot;:&quot;&quot;,&quot;source&quot;:&quot;library&quot;},&quot;controls&quot;:&quot;yes&quot;}\" data-widget_type=\"video.default\">\n\t\t\t\t\t\t\t<div class=\"e-hosted-video elementor-wrapper elementor-open-inline\">\n\t\t\t\t\t<video class=\"elementor-video\" src=\"https:\/\/gravityrace.info\/wp-content\/uploads\/2026\/03\/Gravity-video-Ivana.mp4\" controls=\"\" preload=\"metadata\" muted=\"muted\" controlsList=\"nodownload\"><\/video>\n\t\t\t\t\t\t<div class=\"elementor-custom-embed-image-overlay\" style=\"background-image: url(https:\/\/gravityrace.info\/wp-content\/uploads\/2026\/03\/Screenshot_3.jpg);\">\n\t\t\t\t\t\t\t\t\t\t\t\t\t\t\t\t<div class=\"elementor-custom-embed-play\" role=\"button\" aria-label=\"Play Video\" tabindex=\"0\">\n\t\t\t\t\t\t\t<svg aria-hidden=\"true\" class=\"e-font-icon-svg e-eicon-play\" viewBox=\"0 0 1000 1000\" xmlns=\"http:\/\/www.w3.org\/2000\/svg\"><path d=\"M838 162C746 71 633 25 500 25 371 25 258 71 163 162 71 254 25 367 25 500 25 633 71 746 163 837 254 929 367 979 500 979 633 979 746 933 838 837 929 746 975 633 975 500 975 367 929 254 838 162M808 192C892 279 933 379 933 500 933 621 892 725 808 808 725 892 621 938 500 938 379 938 279 896 196 808 113 725 67 621 67 500 67 379 108 279 196 192 279 108 383 62 500 62 621 62 721 108 808 192M438 392V642L642 517 438 392Z\"><\/path><\/svg>\t\t\t\t\t\t<\/div>\n\t\t\t\t\t\t\t\t\t<\/div>\n\t\t\t\t\t<\/div>\n\t\t\t\t\t\t<\/div>\n\t\t\t\t<\/div>\n\t\t\t\t\t<\/div>\n\t\t\t\t<\/div>\n\t\t<div class=\"elementor-element elementor-element-69c33f4 e-flex e-con-boxed e-con e-parent\" data-id=\"69c33f4\" data-element_type=\"container\" data-e-type=\"container\">\n\t\t\t\t\t<div class=\"e-con-inner\">\n\t\t\t\t<div class=\"elementor-element elementor-element-57c976d elementor-widget elementor-widget-heading\" data-id=\"57c976d\" data-element_type=\"widget\" data-e-type=\"widget\" data-widget_type=\"heading.default\">\n\t\t\t\t\t<h2 class=\"elementor-heading-title elementor-size-default\">Gravity race Senj 2026.godine odr\u017eava se uz potporu:<\/h2>\t\t\t\t<\/div>\n\t\t\t\t\t<\/div>\n\t\t\t\t<\/div>\n\t\t<div class=\"elementor-element elementor-element-03b0913 e-flex e-con-boxed e-con e-parent\" data-id=\"03b0913\" data-element_type=\"container\" data-e-type=\"container\" data-settings=\"{&quot;background_background&quot;:&quot;classic&quot;}\">\n\t\t\t\t\t<div class=\"e-con-inner\">\n\t\t<div class=\"elementor-element elementor-element-c08352a e-con-full e-flex e-con e-child\" data-id=\"c08352a\" data-element_type=\"container\" data-e-type=\"container\">\n\t\t\t\t<div class=\"elementor-element elementor-element-88eaf4d elementor-widget elementor-widget-image\" data-id=\"88eaf4d\" data-element_type=\"widget\" data-e-type=\"widget\" data-widget_type=\"image.default\">\n\t\t\t\t\t\t\t\t\t\t\t\t\t\t\t<img loading=\"lazy\" decoding=\"async\" width=\"768\" height=\"583\" src=\"https:\/\/gravityrace.info\/wp-content\/uploads\/2026\/03\/tz-senj-logo-768x583.png\" class=\"attachment-medium_large size-medium_large wp-image-97\" alt=\"\" srcset=\"https:\/\/gravityrace.info\/wp-content\/uploads\/2026\/03\/tz-senj-logo-768x583.png 768w, https:\/\/gravityrace.info\/wp-content\/uploads\/2026\/03\/tz-senj-logo-300x228.png 300w, https:\/\/gravityrace.info\/wp-content\/uploads\/2026\/03\/tz-senj-logo-1024x777.png 1024w, https:\/\/gravityrace.info\/wp-content\/uploads\/2026\/03\/tz-senj-logo.png 1081w\" sizes=\"(max-width: 768px) 100vw, 768px\" \/>\t\t\t\t\t\t\t\t\t\t\t\t\t\t\t<\/div>\n\t\t\t\t<\/div>\n\t\t<div class=\"elementor-element elementor-element-55ce67e e-con-full e-flex e-con e-child\" data-id=\"55ce67e\" data-element_type=\"container\" data-e-type=\"container\">\n\t\t\t\t<div class=\"elementor-element elementor-element-4a51a9c elementor-widget elementor-widget-image\" data-id=\"4a51a9c\" data-element_type=\"widget\" data-e-type=\"widget\" data-widget_type=\"image.default\">\n\t\t\t\t\t\t\t\t\t\t\t\t\t\t\t<img loading=\"lazy\" decoding=\"async\" width=\"612\" height=\"709\" src=\"https:\/\/gravityrace.info\/wp-content\/uploads\/2026\/03\/grad-senj-logo.png\" class=\"attachment-large size-large wp-image-95\" alt=\"\" srcset=\"https:\/\/gravityrace.info\/wp-content\/uploads\/2026\/03\/grad-senj-logo.png 612w, https:\/\/gravityrace.info\/wp-content\/uploads\/2026\/03\/grad-senj-logo-259x300.png 259w\" sizes=\"(max-width: 612px) 100vw, 612px\" \/>\t\t\t\t\t\t\t\t\t\t\t\t\t\t\t<\/div>\n\t\t\t\t<\/div>\n\t\t<div class=\"elementor-element elementor-element-4ee5a33 e-con-full e-flex e-con e-child\" data-id=\"4ee5a33\" data-element_type=\"container\" data-e-type=\"container\">\n\t\t\t\t<div class=\"elementor-element elementor-element-c4cadc8 elementor-widget elementor-widget-image\" data-id=\"c4cadc8\" data-element_type=\"widget\" data-e-type=\"widget\" data-widget_type=\"image.default\">\n\t\t\t\t\t\t\t\t\t\t\t\t\t\t\t<img loading=\"lazy\" decoding=\"async\" width=\"800\" height=\"302\" src=\"https:\/\/gravityrace.info\/wp-content\/uploads\/2026\/03\/licko-senjska-zupanija-logo-1024x386.png\" class=\"attachment-large size-large wp-image-96\" alt=\"\" srcset=\"https:\/\/gravityrace.info\/wp-content\/uploads\/2026\/03\/licko-senjska-zupanija-logo-1024x386.png 1024w, https:\/\/gravityrace.info\/wp-content\/uploads\/2026\/03\/licko-senjska-zupanija-logo-300x113.png 300w, https:\/\/gravityrace.info\/wp-content\/uploads\/2026\/03\/licko-senjska-zupanija-logo-768x290.png 768w, https:\/\/gravityrace.info\/wp-content\/uploads\/2026\/03\/licko-senjska-zupanija-logo.png 1244w\" sizes=\"(max-width: 800px) 100vw, 800px\" \/>\t\t\t\t\t\t\t\t\t\t\t\t\t\t\t<\/div>\n\t\t\t\t<\/div>\n\t\t\t\t\t<\/div>\n\t\t\t\t<\/div>\n\t\t<div class=\"elementor-element elementor-element-3047f6d e-flex e-con-boxed e-con e-parent\" data-id=\"3047f6d\" data-element_type=\"container\" data-e-type=\"container\">\n\t\t\t\t\t<div class=\"e-con-inner\">\n\t\t\t\t<div class=\"elementor-element elementor-element-2e6a646 elementor-widget elementor-widget-heading\" data-id=\"2e6a646\" data-element_type=\"widget\" data-e-type=\"widget\" data-widget_type=\"heading.default\">\n\t\t\t\t\t<h2 class=\"elementor-heading-title elementor-size-default\">Partneri eventa za 2026. godinu:<\/h2>\t\t\t\t<\/div>\n\t\t\t\t\t<\/div>\n\t\t\t\t<\/div>\n\t\t<div class=\"elementor-element elementor-element-f4ca992 e-flex e-con-boxed e-con e-parent\" data-id=\"f4ca992\" data-element_type=\"container\" data-e-type=\"container\" data-settings=\"{&quot;background_background&quot;:&quot;classic&quot;}\">\n\t\t\t\t\t<div class=\"e-con-inner\">\n\t\t<div class=\"elementor-element elementor-element-b3f4de3 e-con-full e-flex e-con e-child\" data-id=\"b3f4de3\" data-element_type=\"container\" data-e-type=\"container\">\n\t\t\t\t<div class=\"elementor-element elementor-element-d4a108a elementor-widget elementor-widget-image\" data-id=\"d4a108a\" data-element_type=\"widget\" data-e-type=\"widget\" data-widget_type=\"image.default\">\n\t\t\t\t\t\t\t\t\t\t\t\t\t\t\t<img loading=\"lazy\" decoding=\"async\" width=\"768\" height=\"382\" src=\"https:\/\/gravityrace.info\/wp-content\/uploads\/2026\/03\/Hotel-bura45-768x382.png\" class=\"attachment-medium_large size-medium_large wp-image-144\" alt=\"\" srcset=\"https:\/\/gravityrace.info\/wp-content\/uploads\/2026\/03\/Hotel-bura45-768x382.png 768w, https:\/\/gravityrace.info\/wp-content\/uploads\/2026\/03\/Hotel-bura45-300x149.png 300w, https:\/\/gravityrace.info\/wp-content\/uploads\/2026\/03\/Hotel-bura45.png 996w\" sizes=\"(max-width: 768px) 100vw, 768px\" \/>\t\t\t\t\t\t\t\t\t\t\t\t\t\t\t<\/div>\n\t\t\t\t<\/div>\n\t\t\t\t\t<\/div>\n\t\t\t\t<\/div>\n\t\t<div class=\"elementor-element elementor-element-5c8980b e-flex e-con-boxed e-con e-parent\" data-id=\"5c8980b\" data-element_type=\"container\" data-e-type=\"container\">\n\t\t\t\t\t<div class=\"e-con-inner\">\n\t\t\t\t<div class=\"elementor-element elementor-element-f259457 elementor-align-center elementor-widget elementor-widget-button\" data-id=\"f259457\" data-element_type=\"widget\" data-e-type=\"widget\" data-widget_type=\"button.default\">\n\t\t\t\t\t\t\t\t\t\t<a class=\"elementor-button elementor-button-link elementor-size-sm\" href=\"https:\/\/gravityrace.info\/?page_id=150\">\n\t\t\t\t\t\t<span class=\"elementor-button-content-wrapper\">\n\t\t\t\t\t\t\t\t\t<span class=\"elementor-button-text\">Gravity race Senj - 2025. - PHOTO<\/span>\n\t\t\t\t\t<\/span>\n\t\t\t\t\t<\/a>\n\t\t\t\t\t\t\t\t<\/div>\n\t\t\t\t\t<\/div>\n\t\t\t\t<\/div>\n\t\t\t\t<\/div>\n\t\t","protected":false},"excerpt":{"rendered":"<p>https:\/\/gravityrace.info\/wp-content\/uploads\/2026\/03\/Gravity-video-Iva.mp4 Gravity race Senj je ma\u0161karana utrka vozilima ku\u0107ne izrade koja spaja kreativnost, brzinu i zabavu. Sudionici sami izra\u0111uju svoja vozila bez motora, koriste\u0107i ma\u0161tu, alat i ono \u0161to prona\u0111u u gara\u017ei ili radionici.\u00a0 Staza duga oko 250 metara za\u010dinjena je mini skakaonama, car wash zonom, \u0161ikanama i drugim kreativnim preprekama koje svaku vo\u017enju \u010dine [&hellip;]<\/p>\n","protected":false},"author":1,"featured_media":0,"parent":0,"menu_order":0,"comment_status":"closed","ping_status":"closed","template":"elementor_header_footer","meta":{"footnotes":""},"class_list":["post-7","page","type-page","status-publish","hentry"],"_links":{"self":[{"href":"https:\/\/gravityrace.info\/index.php?rest_route=\/wp\/v2\/pages\/7","targetHints":{"allow":["GET"]}}],"collection":[{"href":"https:\/\/gravityrace.info\/index.php?rest_route=\/wp\/v2\/pages"}],"about":[{"href":"https:\/\/gravityrace.info\/index.php?rest_route=\/wp\/v2\/types\/page"}],"author":[{"embeddable":true,"href":"https:\/\/gravityrace.info\/index.php?rest_route=\/wp\/v2\/users\/1"}],"replies":[{"embeddable":true,"href":"https:\/\/gravityrace.info\/index.php?rest_route=%2Fwp%2Fv2%2Fcomments&post=7"}],"version-history":[{"count":123,"href":"https:\/\/gravityrace.info\/index.php?rest_route=\/wp\/v2\/pages\/7\/revisions"}],"predecessor-version":[{"id":242,"href":"https:\/\/gravityrace.info\/index.php?rest_route=\/wp\/v2\/pages\/7\/revisions\/242"}],"wp:attachment":[{"href":"https:\/\/gravityrace.info\/index.php?rest_route=%2Fwp%2Fv2%2Fmedia&parent=7"}],"curies":[{"name":"wp","href":"https:\/\/api.w.org\/{rel}","templated":true}]}}